{"id":456,"date":"2023-07-30T16:37:53","date_gmt":"2023-07-30T14:37:53","guid":{"rendered":"https:\/\/www.foozos.hr\/?post_type=product&#038;p=456"},"modified":"2024-11-22T14:32:56","modified_gmt":"2024-11-22T13:32:56","slug":"siguran-dom-strategija-suzbijanja-vrsnjackog-zlostavljanja-u-domskome-okruzenju-prirucnik-za-strucnjake","status":"publish","type":"product","link":"https:\/\/www.foozos.hr\/en\/product\/siguran-dom-strategija-suzbijanja-vrsnjackog-zlostavljanja-u-domskome-okruzenju-prirucnik-za-strucnjake\/","title":{"rendered":"Siguran dom: Strategija suzbijanja vr\u0161nja\u010dkog zlostavljanja u domskome okru\u017eenju: priru\u010dnik za stru\u010dnjake"},"content":{"rendered":"<div class=\"product-description\">\n<p>&nbsp;<\/p>\n<p>Nasilje, osobito vr\u0161nja\u010dko, izuzetno je aktualan fenomen hrvatske dru\u0161tvene zbilje. Stoga se mo\u017ee pretpostaviti da je ukupna javnost, uklju\u010duju\u0107i i znanstvenu zajednicu, zainteresirana za njegovo suzbijanje uz istodobno pronala\u017eenje i prihva\u0107anje onih na\u010dina njegova rje\u0161avanje koji po\u010divaju na uva\u017eavanju prava i odgovornosti osoba koje trpe nasilje, onih koji ga \u010dine, ali i drugih sudionika uklju\u010denih u dru\u0161tvene procese. U slu\u010daju ovoga priru\u010dnika to su akteri zadu\u017eeni za odgoj, skrb i tretman djece i mladih bez odgovaraju\u0107e roditeljske skrbi te onih koji su razvili poreme\u0107aje u pona\u0161anju.<\/p>\n<p>Priru\u010dnik predstavlja jedan od prvih tekstova na hrvatskome jeziku koji izravno adresira temu vr\u0161nja\u010dkoga nasilja u domovima za djecu i mlade. Na kvalitetan na\u010din doprinosi procesu deinstitucionalizacije te pronala\u017eenju rje\u0161enja i na\u010dina stru\u010dnog rada koji \u0107e suzbijati i preventirati nasilje i zlostavljanje u postoje\u0107em institucionalnom smje\u0161taju djece i mladih.<\/p>\n<p>&nbsp;<\/p>\n<p>Autor\/i: Sekol, Ivana; Maurovi\u0107, Ivana<\/p>\n<p>Izdava\u010d: Fakultet za odgojne i obrazovne znanosti; Edukacijsko-rehabilitacijski fakultet Sveu\u010dili\u0161ta u Zagrebu<\/p>\n<p>Godina izdanja: 2019.<\/p>\n<p>Broj stranica: 71<\/p>\n<p>ISBN: 978-953-6965-76-2<\/p>\n<\/div>","protected":false},"excerpt":{"rendered":"<p>&nbsp; Nasilje, osobito vr\u0161nja\u010dko, izuzetno je aktualan fenomen hrvatske dru\u0161tvene zbilje. Stoga se mo\u017ee pretpostaviti da je ukupna javnost, uklju\u010duju\u0107i i znanstvenu zajednicu, zainteresirana za njegovo suzbijanje uz istodobno pronala\u017eenje i prihva\u0107anje onih na\u010dina njegova rje\u0161avanje koji po\u010divaju na uva\u017eavanju &hellip; <\/p>","protected":false},"featured_media":457,"template":"","meta":[],"product_brand":[],"product_cat":[23],"product_tag":[],"class_list":{"0":"post-456","1":"product","2":"type-product","3":"status-publish","4":"has-post-thumbnail","6":"product_cat-knjige","8":"first","9":"instock","10":"shipping-taxable","11":"purchasable","12":"product-type-simple"},"_links":{"self":[{"href":"https:\/\/www.foozos.hr\/en\/wp-json\/wp\/v2\/product\/456","targetHints":{"allow":["GET"]}}],"collection":[{"href":"https:\/\/www.foozos.hr\/en\/wp-json\/wp\/v2\/product"}],"about":[{"href":"https:\/\/www.foozos.hr\/en\/wp-json\/wp\/v2\/types\/product"}],"wp:featuredmedia":[{"embeddable":true,"href":"https:\/\/www.foozos.hr\/en\/wp-json\/wp\/v2\/media\/457"}],"wp:attachment":[{"href":"https:\/\/www.foozos.hr\/en\/wp-json\/wp\/v2\/media?parent=456"}],"wp:term":[{"taxonomy":"product_brand","embeddable":true,"href":"https:\/\/www.foozos.hr\/en\/wp-json\/wp\/v2\/product_brand?post=456"},{"taxonomy":"product_cat","embeddable":true,"href":"https:\/\/www.foozos.hr\/en\/wp-json\/wp\/v2\/product_cat?post=456"},{"taxonomy":"product_tag","embeddable":true,"href":"https:\/\/www.foozos.hr\/en\/wp-json\/wp\/v2\/product_tag?post=456"}],"curies":[{"name":"wp","href":"https:\/\/api.w.org\/{rel}","templated":true}]}}