{"id":4669,"date":"2024-11-22T14:42:26","date_gmt":"2024-11-22T13:42:26","guid":{"rendered":"https:\/\/www.foozos.hr\/?post_type=product&#038;p=4669"},"modified":"2025-06-03T14:13:38","modified_gmt":"2025-06-03T12:13:38","slug":"umjetnost-i-dobrobit-likovno-stvaralastvo-u-sluzbi-mentalnoga-zdravlja","status":"publish","type":"product","link":"https:\/\/www.foozos.hr\/en\/product\/umjetnost-i-dobrobit-likovno-stvaralastvo-u-sluzbi-mentalnoga-zdravlja\/","title":{"rendered":"Umjetnost i dobrobit: Likovno stvarala\u0161tvo u slu\u017ebi mentalnoga zdravlja"},"content":{"rendered":"<p>&nbsp;<\/p>\n<p>Knjiga \u201cUmjetnost i dobrobit. Likovno stvarala\u0161tvo u slu\u017ebi mentalnoga zdravlja\u201d se kroz interdisciplinarni pristup bavi primjenom umjetnosti kao terapije u svakodnevnom \u017eivotu. U knjizi su zastupljeni pojmovi iz podru\u010dja psihologije, poput identiteta, dobrobiti i kvalitete \u017eivota, kao i pojmovi iz podru\u010dja umjetnosti, art-terapije i umjetnosti kao terapije. Zdravlje je jedan od glavnih izvora kvalitetnoga \u017eivota i put prema dobrobiti. Sudjelovanje u umjetni\u010dkim aktivnostima poti\u010de samosvijest, stimulira mi\u0161ljenje i poti\u010de dru\u0161tvene vje\u0161tine, odnose i samopouzdanje te se mo\u017ee rabiti u preventivne svrhe i biti uklopljeno u zdravstvene projekte. Umjetno\u0161\u0107u \u0107emo osna\u017eiti kognitivne i emocionalne resurse, sposobnosti, prilagodljivost i u\u010dinkovitost u\u010denja, emocionalnu inteligenciju i otpornost u stresnim situacijama. Umjetnost je put prema stvaranju jasne, osloba\u0111aju\u0107e, cjelovite slike \u017eivota. Likovna aktivnost aktivira obje mo\u017edane hemisfere djeluju\u0107i cjelovito na na\u0161 mozak. U nadre\u0111enoj poziciji u odnosu na proces, preuzimamo kontrolu nad planiranjem, dono\u0161enjem odluka i reagiranjem na neo\u010dekivane situacije. Likovna aktivnost, prema tome je, intelektualni izazov koji svladavamo na svoj na\u010din.<\/p>\n<p>Autor\/i: Kova\u010devi\u0107, Jelena<\/p>\n<p>Izdava\u010d: Fakultet za odgojne i obrazovne znanosti<\/p>\n<p>Godina izdanja: 2023.<\/p>\n<p>Broj stranica: 212<\/p>\n<p>ISBN: 978-953-8371-03-5<\/p>","protected":false},"excerpt":{"rendered":"<p>&nbsp; Knjiga \u201cUmjetnost i dobrobit. Likovno stvarala\u0161tvo u slu\u017ebi mentalnoga zdravlja\u201d se kroz interdisciplinarni pristup bavi primjenom umjetnosti kao terapije u svakodnevnom \u017eivotu. U knjizi su zastupljeni pojmovi iz podru\u010dja psihologije, poput identiteta, dobrobiti i kvalitete \u017eivota, kao i pojmovi &hellip; <\/p>","protected":false},"featured_media":4670,"template":"","meta":[],"product_brand":[],"product_cat":[23],"product_tag":[],"class_list":{"0":"post-4669","1":"product","2":"type-product","3":"status-publish","4":"has-post-thumbnail","6":"product_cat-knjige","8":"first","9":"outofstock","10":"shipping-taxable","11":"purchasable","12":"product-type-simple"},"_links":{"self":[{"href":"https:\/\/www.foozos.hr\/en\/wp-json\/wp\/v2\/product\/4669","targetHints":{"allow":["GET"]}}],"collection":[{"href":"https:\/\/www.foozos.hr\/en\/wp-json\/wp\/v2\/product"}],"about":[{"href":"https:\/\/www.foozos.hr\/en\/wp-json\/wp\/v2\/types\/product"}],"wp:featuredmedia":[{"embeddable":true,"href":"https:\/\/www.foozos.hr\/en\/wp-json\/wp\/v2\/media\/4670"}],"wp:attachment":[{"href":"https:\/\/www.foozos.hr\/en\/wp-json\/wp\/v2\/media?parent=4669"}],"wp:term":[{"taxonomy":"product_brand","embeddable":true,"href":"https:\/\/www.foozos.hr\/en\/wp-json\/wp\/v2\/product_brand?post=4669"},{"taxonomy":"product_cat","embeddable":true,"href":"https:\/\/www.foozos.hr\/en\/wp-json\/wp\/v2\/product_cat?post=4669"},{"taxonomy":"product_tag","embeddable":true,"href":"https:\/\/www.foozos.hr\/en\/wp-json\/wp\/v2\/product_tag?post=4669"}],"curies":[{"name":"wp","href":"https:\/\/api.w.org\/{rel}","templated":true}]}}