{"id":4671,"date":"2024-11-22T14:55:37","date_gmt":"2024-11-22T13:55:37","guid":{"rendered":"https:\/\/www.foozos.hr\/?post_type=product&#038;p=4671"},"modified":"2025-07-31T10:36:28","modified_gmt":"2025-07-31T08:36:28","slug":"dijete-i-jezik-danas-citanje-u-suvremenom-okruzenju-zbornik-radova-s-x-medunarodnog-znanstvenog-skupa","status":"publish","type":"product","link":"https:\/\/www.foozos.hr\/en\/product\/dijete-i-jezik-danas-citanje-u-suvremenom-okruzenju-zbornik-radova-s-x-medunarodnog-znanstvenog-skupa\/","title":{"rendered":"Dijete i jezik danas : \u010citanje u suvremenom okru\u017eenju : zbornik radova s X. me\u0111unarodnog znanstvenog skupa"},"content":{"rendered":"<p>X. me\u0111unarodni znanstveni skup Dijete i jezik danas &#8211; \u010citanje u suvremenom okru\u017eenju odr\u017eao se od 16. do 18. rujna 2021. godine na Fakultetu za odgojne i obrazovne znanosti Sveu\u010dili\u0161ta Josipa Jurja Strosssmayera u Osijeku. U Zborniku radova objavljeno je \u0161esnaest radova koji su okupljeni oko \u010detiriju poglavlja. Poglavlja su tematski podijeljena i naslovljena: \u010citanje i obrazovni sustav, Mladi \u010ditatelji, Mogu\u0107nosti slikovnice i Odrasli \u010ditatelji &#8211; (budu\u0107i) poticatelji na \u010ditanje.<\/p>\n<p>Urednici: Berbi\u0107 Kolar, Emina; Marini\u0107, Ivana; \u010cosi\u0107, Kre\u0161imir<\/p>\n<p>Izdava\u010d: Fakultet za odgojne i obrazovne znanosti<\/p>\n<p>Godina izdanja: 2023.<\/p>\n<p>Broj stranica: 326<\/p>\n<p>ISBN: 978-953-8371-12-7<\/p>","protected":false},"excerpt":{"rendered":"<p>X. me\u0111unarodni znanstveni skup Dijete i jezik danas &#8211; \u010citanje u suvremenom okru\u017eenju odr\u017eao se od 16. do 18. rujna 2021. godine na Fakultetu za odgojne i obrazovne znanosti Sveu\u010dili\u0161ta Josipa Jurja Strosssmayera u Osijeku. U Zborniku radova objavljeno je &hellip; <\/p>","protected":false},"featured_media":4673,"template":"","meta":[],"product_brand":[],"product_cat":[22],"product_tag":[],"class_list":{"0":"post-4671","1":"product","2":"type-product","3":"status-publish","4":"has-post-thumbnail","6":"product_cat-nekategorizirane","8":"first","9":"instock","10":"shipping-taxable","11":"purchasable","12":"product-type-simple"},"_links":{"self":[{"href":"https:\/\/www.foozos.hr\/en\/wp-json\/wp\/v2\/product\/4671","targetHints":{"allow":["GET"]}}],"collection":[{"href":"https:\/\/www.foozos.hr\/en\/wp-json\/wp\/v2\/product"}],"about":[{"href":"https:\/\/www.foozos.hr\/en\/wp-json\/wp\/v2\/types\/product"}],"wp:featuredmedia":[{"embeddable":true,"href":"https:\/\/www.foozos.hr\/en\/wp-json\/wp\/v2\/media\/4673"}],"wp:attachment":[{"href":"https:\/\/www.foozos.hr\/en\/wp-json\/wp\/v2\/media?parent=4671"}],"wp:term":[{"taxonomy":"product_brand","embeddable":true,"href":"https:\/\/www.foozos.hr\/en\/wp-json\/wp\/v2\/product_brand?post=4671"},{"taxonomy":"product_cat","embeddable":true,"href":"https:\/\/www.foozos.hr\/en\/wp-json\/wp\/v2\/product_cat?post=4671"},{"taxonomy":"product_tag","embeddable":true,"href":"https:\/\/www.foozos.hr\/en\/wp-json\/wp\/v2\/product_tag?post=4671"}],"curies":[{"name":"wp","href":"https:\/\/api.w.org\/{rel}","templated":true}]}}