{"id":4674,"date":"2024-11-22T15:04:24","date_gmt":"2024-11-22T14:04:24","guid":{"rendered":"https:\/\/www.foozos.hr\/?post_type=product&#038;p=4674"},"modified":"2024-12-02T19:37:47","modified_gmt":"2024-12-02T18:37:47","slug":"ivan-filipovic-organizator-hrvatskoga-uciteljstva-i-reformator-hrvatskoga-skolstva-povodom-dvjestote-godisnjice-rodenja-1823-2023","status":"publish","type":"product","link":"https:\/\/www.foozos.hr\/en\/product\/ivan-filipovic-organizator-hrvatskoga-uciteljstva-i-reformator-hrvatskoga-skolstva-povodom-dvjestote-godisnjice-rodenja-1823-2023\/","title":{"rendered":"Ivan Filipovi\u0107 organizator hrvatskoga u\u010diteljstva i reformator hrvatskoga \u0161kolstva (povodom dvjestote godi\u0161njice ro\u0111enja 1823. &#8211; 2023.)"},"content":{"rendered":"<p>Dvjestota godi\u0161njica ro\u0111enja Ivana Filipovi\u0107a (1823. \u2013 2023.) prilika je (i obaveza) da se u mirnijoj demokratskoj atmosferi revalorizira njegov doprinos u organiziranju hrvatskog u\u010diteljstva i reformiranju hrvatskog \u0161kolstva. Objektivna valorizacija neke javne osobe mogu\u0107a je samo ako se vrednuje u vremenu i prostoru u kojemu je djelovala, a ogleda se u doprinosu na postoje\u0107e stanje. Uz relevantnu literaturu za pisanje ove znanstvene monografije kori\u0161tena je objavljena gra\u0111a i izvori, \u0161to se posebno odnosi na privatnu korespondenciju Ivana Filipovi\u0107a (pisma). Ova znanstvena monografija bavi se kriti\u010dkom analizom dosada\u0161njih radova u kojima se pisalo o Ivanu Filipovi\u0107u, radova koji su nastali iz pera samoga Ivana Filipovi\u0107a te brojnih priloga o njegovom \u017eivotu i radu iz kojih se mo\u017ee pratiti njegov put od ro\u0111enja do smrti. Filipovi\u0107ev \u017eivotni put mogu\u0107e je pratiti od Velike Kopanice u kojoj se rodio i zavr\u0161io trivijalnu \u0161kole, preko glavne \u0161kole i gimnazije u Vinkovcima preko Sremske Mitrovice, Nove Gradi\u0161ke, Po\u017eege i Zagreba, mjesta u kojima je slu\u017ebovao. Tako\u0111er, opisani su i dru\u0161tveno-politi\u010dki okviri vremena u kojemu je \u017eivio kao i mogu\u0107i utjecaji na njegov rad. U tom je dijelu posebna pozornost usmjerena na hrvatski \u0161kolski sustav i pedagogijsku orijentacija prije i na po\u010detku djelovanja Ivana Filipovi\u0107a te na stru\u010dnost hrvatskih u\u010ditelja i njihovu stale\u0161ku i stru\u010dnu organiziranost neposredno prije djelovanja Ivana Filipovi\u0107a. Ivan Filipovi\u0107 zaslu\u017ean je za organizaciju hrvatskog u\u010diteljastva i reformaciju hrvatskog \u0161kolstva od kojih se isti\u010du vanjska i unutarnja reforma vezana uz didakti\u010dko-metodi\u010dku organizaciju nastavnoga procesa. Neizostavno je spomenuti i knji\u017eevni rad Ivana Filipovi\u0107a koji je vidljiv kroz njegove rodoljubne i ljubavne pjesme; tekstove namijenjene djeci i mlade\u017ei, a zavidno je i njegovo poznavanje jezika pa se u monografiji spominje i njegov prevoditeljski i uredni\u010dki rad.<\/p>\n<p>Autor\/i: Munjiza, Emer; Dubovicki, Snje\u017eana<\/p>\n<p>Izdava\u010d: Fakultet za odgojne i obrazovne znanosti<\/p>\n<p>Godina izdanja: 2023.<\/p>\n<p>Broj stranica: 220<\/p>\n<p>ISBN: 978-953-8371-18-9<\/p>","protected":false},"excerpt":{"rendered":"<p>Dvjestota godi\u0161njica ro\u0111enja Ivana Filipovi\u0107a (1823. \u2013 2023.) prilika je (i obaveza) da se u mirnijoj demokratskoj atmosferi revalorizira njegov doprinos u organiziranju hrvatskog u\u010diteljstva i reformiranju hrvatskog \u0161kolstva. Objektivna valorizacija neke javne osobe mogu\u0107a je samo ako se vrednuje &hellip; <\/p>","protected":false},"featured_media":4675,"template":"","meta":[],"product_brand":[],"product_cat":[22],"product_tag":[],"class_list":{"0":"post-4674","1":"product","2":"type-product","3":"status-publish","4":"has-post-thumbnail","6":"product_cat-nekategorizirane","8":"first","9":"instock","10":"shipping-taxable","11":"purchasable","12":"product-type-simple"},"_links":{"self":[{"href":"https:\/\/www.foozos.hr\/en\/wp-json\/wp\/v2\/product\/4674","targetHints":{"allow":["GET"]}}],"collection":[{"href":"https:\/\/www.foozos.hr\/en\/wp-json\/wp\/v2\/product"}],"about":[{"href":"https:\/\/www.foozos.hr\/en\/wp-json\/wp\/v2\/types\/product"}],"wp:featuredmedia":[{"embeddable":true,"href":"https:\/\/www.foozos.hr\/en\/wp-json\/wp\/v2\/media\/4675"}],"wp:attachment":[{"href":"https:\/\/www.foozos.hr\/en\/wp-json\/wp\/v2\/media?parent=4674"}],"wp:term":[{"taxonomy":"product_brand","embeddable":true,"href":"https:\/\/www.foozos.hr\/en\/wp-json\/wp\/v2\/product_brand?post=4674"},{"taxonomy":"product_cat","embeddable":true,"href":"https:\/\/www.foozos.hr\/en\/wp-json\/wp\/v2\/product_cat?post=4674"},{"taxonomy":"product_tag","embeddable":true,"href":"https:\/\/www.foozos.hr\/en\/wp-json\/wp\/v2\/product_tag?post=4674"}],"curies":[{"name":"wp","href":"https:\/\/api.w.org\/{rel}","templated":true}]}}