{"id":4676,"date":"2024-11-22T15:09:46","date_gmt":"2024-11-22T14:09:46","guid":{"rendered":"https:\/\/www.foozos.hr\/?post_type=product&#038;p=4676"},"modified":"2025-09-25T06:45:31","modified_gmt":"2025-09-25T04:45:31","slug":"pokazat-cu-ti-kako-bas-je-lako-prirucnik-s-vjezbama-prakticnoga-zivota-za-studente-odgojitelje-ucitelje-i-roditelje","status":"publish","type":"product","link":"https:\/\/www.foozos.hr\/en\/product\/pokazat-cu-ti-kako-bas-je-lako-prirucnik-s-vjezbama-prakticnoga-zivota-za-studente-odgojitelje-ucitelje-i-roditelje\/","title":{"rendered":"Pokazat \u0107u ti kako! Ba\u0161 je lako! Priru\u010dnik s vje\u017ebama prakti\u010dnoga \u017eivota za studente, odgojitelje, u\u010ditelje i roditelje"},"content":{"rendered":"<p>Priru\u010dnik je nastao s ciljem osposobljavanja studenata ranog i pred\u0161kolskog odgoja i obrazovanja i u\u010diteljskog studija za rad s djecom i u\u010denicima u podru\u010dju prakti\u010dnih vje\u0161tina. U priru\u010dniku je prikazano i metodi\u010dki po koracima jednostavnim jezikom opisano 50 vje\u017ebi koje su odraz stvarnoga \u017eivota i svakodnevne rutine odraslih. Za sve vje\u017ebe naveden je cilj, potreban materijal te je predlo\u017eena primjerena dob djeteta. Dijete lako prepoznaje i razumije svrhu odre\u0111ene vje\u017ebe, ali prije samoga izvo\u0111enja mora procesuirati slijed potrebnih koraka. Vje\u017ebe su stoga rastavljene na smislene i lako razumljive korake \u0161to je zbog lak\u0161ega pra\u0107enja popra\u0107eno fotografijama i videozapisima do kojih se dolazi skeniraju\u0107i QR kodove. Videozapisima su dodane glasovne upute \u010dime je i djeci omogu\u0107ena samostalna uporaba priru\u010dnika. Vje\u017ebe u priru\u010dniku podijeljene su u \u0161est poglavlja: osobna higijena, briga o odje\u0107i i obu\u0107i, priprema i poslu\u017eivanje hrane, briga o prostoru u kojem boravim, \u0161ivanje i pletenje te svakodnevne aktivnosti. S obzirom na to da se vje\u017ebe dijelom temelje na na\u010delima pedagogije Marije Montessori, koja, me\u0111u ostalim, njeguje vezu izme\u0111u mozga i ruku, priru\u010dnik promovira tu vezu na poseban i inovativan na\u010din. Sam naziv priru\u010dnika Pokazat \u0107u ti kako! Ba\u0161 je lako! poziva i poti\u010de djecu rane i pred\u0161kolske te mla\u0111e \u0161kolske dobi na osamostaljivanje, preuzimanje odgovornosti za sebe, svoje stvari i prostor koji ih okru\u017euje te na samostalno izvr\u0161avanje jednostavnih svakodnevnih radnji. S obzirom da je priru\u010dnik vi\u0161enamjenski mogu ga koristiti i edukacijski rehabilitatori u radu s djecom i odraslima s te\u0161ko\u0107ama te socijalni radnici koji se susre\u0107u s roditeljima kojima je potrebna podr\u0161ka u roditeljstvu. Osim \u0161to donosi korisne i primjenjive smjernice i alate za prakti\u010dan rad, u sredi\u0161te stavlja dobrobit djeteta i podr\u0161ku svima onima uklju\u010denima u njihov rast i razvoj.<\/p>\n<p>Autor\/i: \u0160kugor, Alma i suradnice<\/p>\n<p>Izdava\u010d: Fakultet za odgojne i obrazovne znanosti<\/p>\n<p>Godina izdanja: 2024.<\/p>\n<p>Broj stranica: 304<\/p>\n<p>ISBN: 978-953-8371-26-4<\/p>","protected":false},"excerpt":{"rendered":"<p>Priru\u010dnik je nastao s ciljem osposobljavanja studenata ranog i pred\u0161kolskog odgoja i obrazovanja i u\u010diteljskog studija za rad s djecom i u\u010denicima u podru\u010dju prakti\u010dnih vje\u0161tina. U priru\u010dniku je prikazano i metodi\u010dki po koracima jednostavnim jezikom opisano 50 vje\u017ebi koje &hellip; <\/p>","protected":false},"featured_media":4677,"template":"","meta":[],"product_brand":[],"product_cat":[22],"product_tag":[],"class_list":{"0":"post-4676","1":"product","2":"type-product","3":"status-publish","4":"has-post-thumbnail","6":"product_cat-nekategorizirane","8":"first","9":"instock","10":"shipping-taxable","11":"purchasable","12":"product-type-simple"},"_links":{"self":[{"href":"https:\/\/www.foozos.hr\/en\/wp-json\/wp\/v2\/product\/4676","targetHints":{"allow":["GET"]}}],"collection":[{"href":"https:\/\/www.foozos.hr\/en\/wp-json\/wp\/v2\/product"}],"about":[{"href":"https:\/\/www.foozos.hr\/en\/wp-json\/wp\/v2\/types\/product"}],"wp:featuredmedia":[{"embeddable":true,"href":"https:\/\/www.foozos.hr\/en\/wp-json\/wp\/v2\/media\/4677"}],"wp:attachment":[{"href":"https:\/\/www.foozos.hr\/en\/wp-json\/wp\/v2\/media?parent=4676"}],"wp:term":[{"taxonomy":"product_brand","embeddable":true,"href":"https:\/\/www.foozos.hr\/en\/wp-json\/wp\/v2\/product_brand?post=4676"},{"taxonomy":"product_cat","embeddable":true,"href":"https:\/\/www.foozos.hr\/en\/wp-json\/wp\/v2\/product_cat?post=4676"},{"taxonomy":"product_tag","embeddable":true,"href":"https:\/\/www.foozos.hr\/en\/wp-json\/wp\/v2\/product_tag?post=4676"}],"curies":[{"name":"wp","href":"https:\/\/api.w.org\/{rel}","templated":true}]}}