{"id":4678,"date":"2024-11-22T15:17:27","date_gmt":"2024-11-22T14:17:27","guid":{"rendered":"https:\/\/www.foozos.hr\/?post_type=product&#038;p=4678"},"modified":"2025-03-31T19:29:15","modified_gmt":"2025-03-31T17:29:15","slug":"suma-moga-djeda-lis-mogo-dida","status":"publish","type":"product","link":"https:\/\/www.foozos.hr\/en\/product\/suma-moga-djeda-lis-mogo-dida\/","title":{"rendered":"\u0160uma moga djeda = Lis mogo dida"},"content":{"rendered":"<p>Slikovnica \u201c\u0160uma moga djeda\u201d \u00a0je vrijedna edukativna dvojezi\u010dna pri\u010da o su\u017eivotu \u010dovjeka i \u0161ume, o blagodatima \u0161umskoga biljnoga i \u017eivotinjskoga svijeta, o tradiciji i prirodnoj ba\u0161tini kao nu\u017enim polazi\u0161tima za stvaranjem zdravog su\u017eivota \u010dovjeka u prirodi i shva\u0107anja povezanosti s prirodom.<br \/>\nSadr\u017eajno je primjerena za djecu vrti\u0107koga uzrasta kao i djecu \u0161kolskoga uzrasta, ali \u0107e biti i poticajno sredstvo roditeljima, djedovima i bakama da kroz pri\u010du o \u0161umi osvje\u017ee uspomene iz djetinjstva. Pri\u010da \u201eo \u0161umi\u201c s metodi\u010dkoga aspekta poti\u010de ostvarivanje ciljeva odgoja za okoli\u0161 i uvelike doprinosi \u00a0primjeni razli\u010ditih metoda u\u010denja i pou\u010davanja. Poti\u010de pozitivno stajali\u0161te djece i mladih prema prirodi.<br \/>\nKroz \u0161umu nas pri\u010dom vodi djeda s unucima preta\u010du\u0107i slike prirode uz detaljan opis tako da se \u010ditanjem mogu osjeti i do\u017eivjeti ugo\u0111aji koje pru\u017ea \u0161uma, ali osjetiti i mirise koji se njome \u0161ire.<\/p>\n<p>Autor\/i: Babok, Miroslav<\/p>\n<p>Izdava\u010d: Fakultet za odgojne i obrazovne znanosti<\/p>\n<p>Godina izdanja: 2023.<\/p>\n<p>Broj stranica: 61<\/p>\n<p>ISBN: 978-953-8371-14-1<\/p>","protected":false},"excerpt":{"rendered":"<p>Slikovnica \u201c\u0160uma moga djeda\u201d \u00a0je vrijedna edukativna dvojezi\u010dna pri\u010da o su\u017eivotu \u010dovjeka i \u0161ume, o blagodatima \u0161umskoga biljnoga i \u017eivotinjskoga svijeta, o tradiciji i prirodnoj ba\u0161tini kao nu\u017enim polazi\u0161tima za stvaranjem zdravog su\u017eivota \u010dovjeka u prirodi i shva\u0107anja povezanosti s &hellip; <\/p>","protected":false},"featured_media":4679,"template":"","meta":[],"product_brand":[],"product_cat":[22],"product_tag":[],"class_list":{"0":"post-4678","1":"product","2":"type-product","3":"status-publish","4":"has-post-thumbnail","6":"product_cat-nekategorizirane","8":"first","9":"instock","10":"shipping-taxable","11":"purchasable","12":"product-type-simple"},"_links":{"self":[{"href":"https:\/\/www.foozos.hr\/en\/wp-json\/wp\/v2\/product\/4678","targetHints":{"allow":["GET"]}}],"collection":[{"href":"https:\/\/www.foozos.hr\/en\/wp-json\/wp\/v2\/product"}],"about":[{"href":"https:\/\/www.foozos.hr\/en\/wp-json\/wp\/v2\/types\/product"}],"wp:featuredmedia":[{"embeddable":true,"href":"https:\/\/www.foozos.hr\/en\/wp-json\/wp\/v2\/media\/4679"}],"wp:attachment":[{"href":"https:\/\/www.foozos.hr\/en\/wp-json\/wp\/v2\/media?parent=4678"}],"wp:term":[{"taxonomy":"product_brand","embeddable":true,"href":"https:\/\/www.foozos.hr\/en\/wp-json\/wp\/v2\/product_brand?post=4678"},{"taxonomy":"product_cat","embeddable":true,"href":"https:\/\/www.foozos.hr\/en\/wp-json\/wp\/v2\/product_cat?post=4678"},{"taxonomy":"product_tag","embeddable":true,"href":"https:\/\/www.foozos.hr\/en\/wp-json\/wp\/v2\/product_tag?post=4678"}],"curies":[{"name":"wp","href":"https:\/\/api.w.org\/{rel}","templated":true}]}}