{"id":4680,"date":"2024-11-22T15:25:01","date_gmt":"2024-11-22T14:25:01","guid":{"rendered":"https:\/\/www.foozos.hr\/?post_type=product&#038;p=4680"},"modified":"2024-11-22T15:25:01","modified_gmt":"2024-11-22T14:25:01","slug":"didactic-challenges-iv-futures-studies-in-education-conference-proceedings","status":"publish","type":"product","link":"https:\/\/www.foozos.hr\/en\/product\/didactic-challenges-iv-futures-studies-in-education-conference-proceedings\/","title":{"rendered":"Didactic challenges IV: Futures studies in education : conference proceedings"},"content":{"rendered":"<p>&nbsp;<\/p>\n<p>Zbornik radova IV. me\u0111unarodne znanstvene konferencije Didakti\u010dki izazovi, odr\u017eane\u00a0 26. i 27. svibnja 2022.<\/p>\n<p>Urednice: Inayatullah, Sohail ; Dubovicki, Snje\u017eana ; Bili\u0107, Anica<\/p>\n<p>Izdava\u010d: Fakultet za odgojne i obrazovne znanosti, Hrvatska akademija znanosti i umjetnosti (HAZU)<\/p>\n<p>Godina izdanja: 2023.<\/p>\n<p>Broj stranica: 776<\/p>\n<p>ISBN: 978-953-8371-15-8<\/p>","protected":false},"excerpt":{"rendered":"<p>&nbsp; Zbornik radova IV. me\u0111unarodne znanstvene konferencije Didakti\u010dki izazovi, odr\u017eane\u00a0 26. i 27. svibnja 2022. Urednice: Inayatullah, Sohail ; Dubovicki, Snje\u017eana ; Bili\u0107, Anica Izdava\u010d: Fakultet za odgojne i obrazovne znanosti, Hrvatska akademija znanosti i umjetnosti (HAZU) Godina izdanja: 2023. &hellip; <\/p>","protected":false},"featured_media":4681,"template":"","meta":[],"product_brand":[],"product_cat":[22],"product_tag":[],"class_list":{"0":"post-4680","1":"product","2":"type-product","3":"status-publish","4":"has-post-thumbnail","6":"product_cat-nekategorizirane","8":"first","9":"instock","10":"shipping-taxable","11":"purchasable","12":"product-type-simple"},"_links":{"self":[{"href":"https:\/\/www.foozos.hr\/en\/wp-json\/wp\/v2\/product\/4680","targetHints":{"allow":["GET"]}}],"collection":[{"href":"https:\/\/www.foozos.hr\/en\/wp-json\/wp\/v2\/product"}],"about":[{"href":"https:\/\/www.foozos.hr\/en\/wp-json\/wp\/v2\/types\/product"}],"wp:featuredmedia":[{"embeddable":true,"href":"https:\/\/www.foozos.hr\/en\/wp-json\/wp\/v2\/media\/4681"}],"wp:attachment":[{"href":"https:\/\/www.foozos.hr\/en\/wp-json\/wp\/v2\/media?parent=4680"}],"wp:term":[{"taxonomy":"product_brand","embeddable":true,"href":"https:\/\/www.foozos.hr\/en\/wp-json\/wp\/v2\/product_brand?post=4680"},{"taxonomy":"product_cat","embeddable":true,"href":"https:\/\/www.foozos.hr\/en\/wp-json\/wp\/v2\/product_cat?post=4680"},{"taxonomy":"product_tag","embeddable":true,"href":"https:\/\/www.foozos.hr\/en\/wp-json\/wp\/v2\/product_tag?post=4680"}],"curies":[{"name":"wp","href":"https:\/\/api.w.org\/{rel}","templated":true}]}}