{"id":4682,"date":"2024-11-22T15:28:59","date_gmt":"2024-11-22T14:28:59","guid":{"rendered":"https:\/\/www.foozos.hr\/?post_type=product&#038;p=4682"},"modified":"2025-04-22T07:09:38","modified_gmt":"2025-04-22T05:09:38","slug":"djecji-diskurs-razvoj-pripovjedne-sposobnosti","status":"publish","type":"product","link":"https:\/\/www.foozos.hr\/en\/product\/djecji-diskurs-razvoj-pripovjedne-sposobnosti\/","title":{"rendered":"Dje\u010dji diskurs: Razvoj pripovjedne sposobnosti"},"content":{"rendered":"<p>Monografija Dje\u010dji diskurs: razvoj pripovjedne sposobnosti sadr\u017ei \u010detiri temeljna poglavlja: Kako su jezik i komunikacija povezani s pripovijedanjem? Diskurs i pripovijedanje \u2013 teorijska promi\u0161ljanja 3) Dje\u010dji pripovjedni diskurs i 4) Pripovijedanje u kontekstu rane pismenosti. U monografiji se razmatra dje\u010dji pripovjedni diskurs u pred\u0161kolskom i ranom \u0161kolskom razdoblju pri \u010demu se on smje\u0161ta u okvir interakcijskoga djelovanja pragmatike i komunikacije. Monografija sadr\u017ei sistematizaciju dosada\u0161njih spoznaja o razvoju dje\u010dje pripovjedne sposobnosti, tuma\u010denje te sposobnosti kao vi\u0161edimenzionalnoga konstrukta odre\u0111enog nizom jezi\u010dnih i nejezi\u010dnih \u010dimbenika i detaljan opis njegova razvoja. U posljednjem je poglavlju nagla\u0161ena va\u017enost uloge slikovnica i knjiga, zajedni\u010dkog \u010ditanja, obiteljske pismenosti na razvoj pripovijedanja i u\u010denje \u010ditanja i pisanja.<\/p>\n<p>Ova je znanstvena monografija namijenjena stru\u010dnoj i znanstvenoj javnosti, svima koji se bave podru\u010djem ranoga usvajanja i u\u010denja jezika, te studentima u\u010diteljskih fakulteta, ali i studentima kroatistike te\u00a0 drugih filolo\u0161kih studija.<\/p>\n<p>&nbsp;<\/p>","protected":false},"excerpt":{"rendered":"<p>Monografija Dje\u010dji diskurs: razvoj pripovjedne sposobnosti sadr\u017ei \u010detiri temeljna poglavlja: Kako su jezik i komunikacija povezani s pripovijedanjem? Diskurs i pripovijedanje \u2013 teorijska promi\u0161ljanja 3) Dje\u010dji pripovjedni diskurs i 4) Pripovijedanje u kontekstu rane pismenosti. U monografiji se razmatra dje\u010dji &hellip; <\/p>","protected":false},"featured_media":4683,"template":"","meta":[],"product_brand":[],"product_cat":[22],"product_tag":[],"class_list":{"0":"post-4682","1":"product","2":"type-product","3":"status-publish","4":"has-post-thumbnail","6":"product_cat-nekategorizirane","8":"first","9":"instock","10":"shipping-taxable","11":"purchasable","12":"product-type-simple"},"_links":{"self":[{"href":"https:\/\/www.foozos.hr\/en\/wp-json\/wp\/v2\/product\/4682","targetHints":{"allow":["GET"]}}],"collection":[{"href":"https:\/\/www.foozos.hr\/en\/wp-json\/wp\/v2\/product"}],"about":[{"href":"https:\/\/www.foozos.hr\/en\/wp-json\/wp\/v2\/types\/product"}],"wp:featuredmedia":[{"embeddable":true,"href":"https:\/\/www.foozos.hr\/en\/wp-json\/wp\/v2\/media\/4683"}],"wp:attachment":[{"href":"https:\/\/www.foozos.hr\/en\/wp-json\/wp\/v2\/media?parent=4682"}],"wp:term":[{"taxonomy":"product_brand","embeddable":true,"href":"https:\/\/www.foozos.hr\/en\/wp-json\/wp\/v2\/product_brand?post=4682"},{"taxonomy":"product_cat","embeddable":true,"href":"https:\/\/www.foozos.hr\/en\/wp-json\/wp\/v2\/product_cat?post=4682"},{"taxonomy":"product_tag","embeddable":true,"href":"https:\/\/www.foozos.hr\/en\/wp-json\/wp\/v2\/product_tag?post=4682"}],"curies":[{"name":"wp","href":"https:\/\/api.w.org\/{rel}","templated":true}]}}